{"id":95,"date":"2019-12-18T12:30:43","date_gmt":"2019-12-18T12:30:43","guid":{"rendered":"https:\/\/trainsresearch.eu\/?page_id=95"},"modified":"2022-12-06T15:37:29","modified_gmt":"2022-12-06T15:37:29","slug":"home","status":"publish","type":"page","link":"https:\/\/eutrainsproject.eu\/de\/","title":{"rendered":"Startseite"},"content":{"rendered":"<div data-elementor-type=\"wp-page\" data-elementor-id=\"95\" class=\"elementor elementor-95\">\n\t\t\t\t\t\t<section class=\"elementor-section elementor-top-section elementor-element elementor-element-a0a97a3 elementor-section-boxed elementor-section-height-default elementor-section-height-default\" data-id=\"a0a97a3\" data-element_type=\"section\" data-settings=\"{&quot;background_background&quot;:&quot;classic&quot;}\">\n\t\t\t\t\t\t\t<div class=\"elementor-background-overlay\"><\/div>\n\t\t\t\t\t\t\t<div class=\"elementor-container elementor-column-gap-default\">\n\t\t\t\t\t<div class=\"elementor-column elementor-col-16 elementor-top-column elementor-element elementor-element-713e0ce8\" data-id=\"713e0ce8\" data-element_type=\"column\">\n\t\t\t<div class=\"elementor-widget-wrap\">\n\t\t\t\t\t\t\t<\/div>\n\t\t<\/div>\n\t\t\t\t<div class=\"elementor-column elementor-col-66 elementor-top-column elementor-element elementor-element-7897d6e9\" data-id=\"7897d6e9\" data-element_type=\"column\">\n\t\t\t<div class=\"elementor-widget-wrap elementor-element-populated\">\n\t\t\t\t\t\t<div class=\"elementor-element elementor-element-1a014fce elementor-widget elementor-widget-heading\" data-id=\"1a014fce\" data-element_type=\"widget\" data-widget_type=\"heading.default\">\n\t\t\t\t<div class=\"elementor-widget-container\">\n\t\t\t\t\t<h1 class=\"elementor-heading-title elementor-size-xxl\"><b>Z\u00fcge<\/b><\/h1>\t\t\t\t<\/div>\n\t\t\t\t<\/div>\n\t\t\t\t<div class=\"elementor-element elementor-element-4fa640ff elementor-widget elementor-widget-heading\" data-id=\"4fa640ff\" data-element_type=\"widget\" data-widget_type=\"heading.default\">\n\t\t\t\t<div class=\"elementor-widget-container\">\n\t\t\t\t\t<h4 class=\"elementor-heading-title elementor-size-large\">\u00dcberg\u00e4nge f\u00fcr alle in die Schule<\/h4>\t\t\t\t<\/div>\n\t\t\t\t<\/div>\n\t\t\t\t<div class=\"elementor-element elementor-element-715b145 elementor-widget-divider--view-line elementor-widget elementor-widget-divider\" data-id=\"715b145\" data-element_type=\"widget\" data-widget_type=\"divider.default\">\n\t\t\t\t<div class=\"elementor-widget-container\">\n\t\t\t\t\t\t\t<div class=\"elementor-divider\">\n\t\t\t<span class=\"elementor-divider-separator\">\n\t\t\t\t\t\t<\/span>\n\t\t<\/div>\n\t\t\t\t\t\t<\/div>\n\t\t\t\t<\/div>\n\t\t\t\t<div class=\"elementor-element elementor-element-85d65ea elementor-widget elementor-widget-spacer\" data-id=\"85d65ea\" data-element_type=\"widget\" data-widget_type=\"spacer.default\">\n\t\t\t\t<div class=\"elementor-widget-container\">\n\t\t\t\t\t\t\t<div class=\"elementor-spacer\">\n\t\t\t<div class=\"elementor-spacer-inner\"><\/div>\n\t\t<\/div>\n\t\t\t\t\t\t<\/div>\n\t\t\t\t<\/div>\n\t\t\t\t\t<\/div>\n\t\t<\/div>\n\t\t\t\t<div class=\"elementor-column elementor-col-16 elementor-top-column elementor-element elementor-element-248a53bb\" data-id=\"248a53bb\" data-element_type=\"column\">\n\t\t\t<div class=\"elementor-widget-wrap\">\n\t\t\t\t\t\t\t<\/div>\n\t\t<\/div>\n\t\t\t\t\t<\/div>\n\t\t<\/section>\n\t\t\t\t<section class=\"elementor-section elementor-top-section elementor-element elementor-element-ad2a75f elementor-section-boxed elementor-section-height-default elementor-section-height-default\" data-id=\"ad2a75f\" data-element_type=\"section\" data-settings=\"{&quot;background_background&quot;:&quot;gradient&quot;}\">\n\t\t\t\t\t\t\t<div class=\"elementor-background-overlay\"><\/div>\n\t\t\t\t\t\t\t<div class=\"elementor-container elementor-column-gap-default\">\n\t\t\t\t\t<div class=\"elementor-column elementor-col-100 elementor-top-column elementor-element elementor-element-239e9d3\" data-id=\"239e9d3\" data-element_type=\"column\">\n\t\t\t<div class=\"elementor-widget-wrap elementor-element-populated\">\n\t\t\t\t\t\t<section class=\"elementor-section elementor-inner-section elementor-element elementor-element-a235225 elementor-section-boxed elementor-section-height-default elementor-section-height-default\" data-id=\"a235225\" data-element_type=\"section\">\n\t\t\t\t\t\t<div class=\"elementor-container elementor-column-gap-default\">\n\t\t\t\t\t<div class=\"elementor-column elementor-col-100 elementor-inner-column elementor-element elementor-element-06b23f0\" data-id=\"06b23f0\" data-element_type=\"column\">\n\t\t\t<div class=\"elementor-widget-wrap elementor-element-populated\">\n\t\t\t\t\t\t<div class=\"elementor-element elementor-element-e2ff515 elementor-widget elementor-widget-spacer\" data-id=\"e2ff515\" data-element_type=\"widget\" data-widget_type=\"spacer.default\">\n\t\t\t\t<div class=\"elementor-widget-container\">\n\t\t\t\t\t\t\t<div class=\"elementor-spacer\">\n\t\t\t<div class=\"elementor-spacer-inner\"><\/div>\n\t\t<\/div>\n\t\t\t\t\t\t<\/div>\n\t\t\t\t<\/div>\n\t\t\t\t<div class=\"elementor-element elementor-element-b96f3ad elementor-widget elementor-widget-heading\" data-id=\"b96f3ad\" data-element_type=\"widget\" data-widget_type=\"heading.default\">\n\t\t\t\t<div class=\"elementor-widget-container\">\n\t\t\t\t\t<h2 class=\"elementor-heading-title elementor-size-default\"><b>WAS IST EIN EISENBAHNPROJEKT?<\/b><\/h2>\t\t\t\t<\/div>\n\t\t\t\t<\/div>\n\t\t\t\t<div class=\"elementor-element elementor-element-8305094 elementor-widget-divider--view-line elementor-widget elementor-widget-divider\" data-id=\"8305094\" data-element_type=\"widget\" data-widget_type=\"divider.default\">\n\t\t\t\t<div class=\"elementor-widget-container\">\n\t\t\t\t\t\t\t<div class=\"elementor-divider\">\n\t\t\t<span class=\"elementor-divider-separator\">\n\t\t\t\t\t\t<\/span>\n\t\t<\/div>\n\t\t\t\t\t\t<\/div>\n\t\t\t\t<\/div>\n\t\t\t\t<div class=\"elementor-element elementor-element-6ee5680 elementor-widget elementor-widget-text-editor\" data-id=\"6ee5680\" data-element_type=\"widget\" data-widget_type=\"text-editor.default\">\n\t\t\t\t<div class=\"elementor-widget-container\">\n\t\t\t\t\t\t\t\t\t<span style=\"color: #ffffff;\">TRAINS steht f\u00fcr Transitions for All Into School (\u00dcberg\u00e4nge f\u00fcr alle in die Schule) und wird vollst\u00e4ndig durch das Erasmus+ Programm der Europ\u00e4ischen Union finanziert und von einem Team aus Forschern, Praktikern und P\u00e4dagogen aus mehreren Institutionen in ganz Europa durchgef\u00fchrt. Die Leeds Beckett University (Gro\u00dfbritannien) leitet dieses Projekt in Zusammenarbeit mit NARHU - National Association of Professionals Working with Disabled People (Bulgarien), der Berliner Senatsverwaltung f\u00fcr Bildung, Jugend und Familie (Deutschland) und der <a href=\"https:\/\/icepe.eu\/\" style=\"color:#fff; border-bottom:1px solid #fff;\">Institut f\u00fcr Kindererziehung und Psychologie, Europa (Irland).<\/a><\/span>\t\t\t\t\t\t\t\t<\/div>\n\t\t\t\t<\/div>\n\t\t\t\t<div class=\"elementor-element elementor-element-9f36add elementor-widget elementor-widget-spacer\" data-id=\"9f36add\" data-element_type=\"widget\" data-widget_type=\"spacer.default\">\n\t\t\t\t<div class=\"elementor-widget-container\">\n\t\t\t\t\t\t\t<div class=\"elementor-spacer\">\n\t\t\t<div class=\"elementor-spacer-inner\"><\/div>\n\t\t<\/div>\n\t\t\t\t\t\t<\/div>\n\t\t\t\t<\/div>\n\t\t\t\t<div class=\"elementor-element elementor-element-6847b6e elementor-widget elementor-widget-heading\" data-id=\"6847b6e\" data-element_type=\"widget\" data-widget_type=\"heading.default\">\n\t\t\t\t<div class=\"elementor-widget-container\">\n\t\t\t\t\t<h2 class=\"elementor-heading-title elementor-size-default\">DIE BEGR\u00dcNDUNG F\u00dcR Z\u00dcGE<\/h2>\t\t\t\t<\/div>\n\t\t\t\t<\/div>\n\t\t\t\t<div class=\"elementor-element elementor-element-268a46b elementor-widget-divider--view-line elementor-widget elementor-widget-divider\" data-id=\"268a46b\" data-element_type=\"widget\" data-widget_type=\"divider.default\">\n\t\t\t\t<div class=\"elementor-widget-container\">\n\t\t\t\t\t\t\t<div class=\"elementor-divider\">\n\t\t\t<span class=\"elementor-divider-separator\">\n\t\t\t\t\t\t<\/span>\n\t\t<\/div>\n\t\t\t\t\t\t<\/div>\n\t\t\t\t<\/div>\n\t\t\t\t<div class=\"elementor-element elementor-element-99667ad elementor-widget elementor-widget-text-editor\" data-id=\"99667ad\" data-element_type=\"widget\" data-widget_type=\"text-editor.default\">\n\t\t\t\t<div class=\"elementor-widget-container\">\n\t\t\t\t\t\t\t\t\tSchulanfangsalter und Erfahrungen variieren in Europa. Der \u00dcbergang zur Vollzeit-Schulpflicht ist ein bedeutendes Ereignis f\u00fcr junge Kinder und ihre Familien, und es hat sich gezeigt, dass er mit den sp\u00e4teren Schulergebnissen zusammenh\u00e4ngt. Gl\u00fccklicherweise kann in vielen F\u00e4llen die Erfahrung des \u00dcbergangs in die Schule f\u00fcr Kinder und ihre Familien sehr unterst\u00fctzend sein und sie so auf zuk\u00fcnftige akademische und soziale Erfolge vorbereiten. \t\t\t\t\t\t\t\t<\/div>\n\t\t\t\t<\/div>\n\t\t\t\t<div class=\"elementor-element elementor-element-69b39f7 elementor-align-center elementor-widget elementor-widget-button\" data-id=\"69b39f7\" data-element_type=\"widget\" data-widget_type=\"button.default\">\n\t\t\t\t<div class=\"elementor-widget-container\">\n\t\t\t\t\t\t\t\t\t<div class=\"elementor-button-wrapper\">\n\t\t\t\t\t<a class=\"elementor-button elementor-button-link elementor-size-lg\" href=\"https:\/\/eutrainsproject.eu\/de\/about-trains\/\">\n\t\t\t\t\t\t<span class=\"elementor-button-content-wrapper\">\n\t\t\t\t\t\t\t\t\t<span class=\"elementor-button-text\">Mehr Informationen<\/span>\n\t\t\t\t\t<\/span>\n\t\t\t\t\t<\/a>\n\t\t\t\t<\/div>\n\t\t\t\t\t\t\t\t<\/div>\n\t\t\t\t<\/div>\n\t\t\t\t\t<\/div>\n\t\t<\/div>\n\t\t\t\t\t<\/div>\n\t\t<\/section>\n\t\t\t\t\t<\/div>\n\t\t<\/div>\n\t\t\t\t\t<\/div>\n\t\t<\/section>\n\t\t\t\t<section class=\"elementor-section elementor-top-section elementor-element elementor-element-97c84da elementor-section-content-middle elementor-section-boxed elementor-section-height-default elementor-section-height-default\" data-id=\"97c84da\" data-element_type=\"section\" data-settings=\"{&quot;background_background&quot;:&quot;classic&quot;}\">\n\t\t\t\t\t\t\t<div class=\"elementor-background-overlay\"><\/div>\n\t\t\t\t\t\t\t<div class=\"elementor-container elementor-column-gap-wide\">\n\t\t\t\t\t<div class=\"elementor-column elementor-col-100 elementor-top-column elementor-element elementor-element-a11dbe0\" data-id=\"a11dbe0\" data-element_type=\"column\">\n\t\t\t<div class=\"elementor-widget-wrap elementor-element-populated\">\n\t\t\t\t\t\t<div class=\"elementor-element elementor-element-6e89093 elementor-widget elementor-widget-spacer\" data-id=\"6e89093\" data-element_type=\"widget\" data-widget_type=\"spacer.default\">\n\t\t\t\t<div class=\"elementor-widget-container\">\n\t\t\t\t\t\t\t<div class=\"elementor-spacer\">\n\t\t\t<div class=\"elementor-spacer-inner\"><\/div>\n\t\t<\/div>\n\t\t\t\t\t\t<\/div>\n\t\t\t\t<\/div>\n\t\t\t\t\t<\/div>\n\t\t<\/div>\n\t\t\t\t\t<\/div>\n\t\t<\/section>\n\t\t\t\t<section class=\"elementor-section elementor-top-section elementor-element elementor-element-78a52c1 elementor-section-boxed elementor-section-height-default elementor-section-height-default\" data-id=\"78a52c1\" data-element_type=\"section\" data-settings=\"{&quot;background_background&quot;:&quot;gradient&quot;}\">\n\t\t\t\t\t\t<div class=\"elementor-container elementor-column-gap-default\">\n\t\t\t\t\t<div class=\"elementor-column elementor-col-100 elementor-top-column elementor-element elementor-element-63cec6e\" data-id=\"63cec6e\" data-element_type=\"column\">\n\t\t\t<div class=\"elementor-widget-wrap elementor-element-populated\">\n\t\t\t\t\t\t<div class=\"elementor-element elementor-element-8a87218 elementor-widget elementor-widget-spacer\" data-id=\"8a87218\" data-element_type=\"widget\" data-widget_type=\"spacer.default\">\n\t\t\t\t<div class=\"elementor-widget-container\">\n\t\t\t\t\t\t\t<div class=\"elementor-spacer\">\n\t\t\t<div class=\"elementor-spacer-inner\"><\/div>\n\t\t<\/div>\n\t\t\t\t\t\t<\/div>\n\t\t\t\t<\/div>\n\t\t\t\t<div class=\"elementor-element elementor-element-a275557 elementor-widget elementor-widget-heading\" data-id=\"a275557\" data-element_type=\"widget\" data-widget_type=\"heading.default\">\n\t\t\t\t<div class=\"elementor-widget-container\">\n\t\t\t\t\t<h2 class=\"elementor-heading-title elementor-size-default\">TRAINIERT ZIELE<\/h2>\t\t\t\t<\/div>\n\t\t\t\t<\/div>\n\t\t\t\t<div class=\"elementor-element elementor-element-8fe4b73 elementor-widget-divider--view-line elementor-widget elementor-widget-divider\" data-id=\"8fe4b73\" data-element_type=\"widget\" data-widget_type=\"divider.default\">\n\t\t\t\t<div class=\"elementor-widget-container\">\n\t\t\t\t\t\t\t<div class=\"elementor-divider\">\n\t\t\t<span class=\"elementor-divider-separator\">\n\t\t\t\t\t\t<\/span>\n\t\t<\/div>\n\t\t\t\t\t\t<\/div>\n\t\t\t\t<\/div>\n\t\t\t\t<section class=\"elementor-section elementor-inner-section elementor-element elementor-element-bc7ae15 elementor-section-boxed elementor-section-height-default elementor-section-height-default\" data-id=\"bc7ae15\" data-element_type=\"section\">\n\t\t\t\t\t\t<div class=\"elementor-container elementor-column-gap-default\">\n\t\t\t\t\t<div class=\"elementor-column elementor-col-50 elementor-inner-column elementor-element elementor-element-54b5503\" data-id=\"54b5503\" data-element_type=\"column\">\n\t\t\t<div class=\"elementor-widget-wrap elementor-element-populated\">\n\t\t\t\t\t\t<div class=\"elementor-element elementor-element-df77156 elementor-view-default elementor-widget elementor-widget-icon\" data-id=\"df77156\" data-element_type=\"widget\" data-widget_type=\"icon.default\">\n\t\t\t\t<div class=\"elementor-widget-container\">\n\t\t\t\t\t\t\t<div class=\"elementor-icon-wrapper\">\n\t\t\t<div class=\"elementor-icon\">\n\t\t\t<i aria-hidden=\"true\" class=\"far fa-edit\"><\/i>\t\t\t<\/div>\n\t\t<\/div>\n\t\t\t\t\t\t<\/div>\n\t\t\t\t<\/div>\n\t\t\t\t<div class=\"elementor-element elementor-element-c28a7cd elementor-widget elementor-widget-text-editor\" data-id=\"c28a7cd\" data-element_type=\"widget\" data-widget_type=\"text-editor.default\">\n\t\t\t\t<div class=\"elementor-widget-container\">\n\t\t\t\t\t\t\t\t\t<p><b>AUSBILDUNGSMATERIALIEN ENTWICKELN, UM DIE KOMPETENZEN DERJENIGEN AUFZUBAUEN, DIE DIE \u00dcBERG\u00c4NGE ERLEICHTERN<\/b><\/p>\t\t\t\t\t\t\t\t<\/div>\n\t\t\t\t<\/div>\n\t\t\t\t\t<\/div>\n\t\t<\/div>\n\t\t\t\t<div class=\"elementor-column elementor-col-50 elementor-inner-column elementor-element elementor-element-ae0a7a8\" data-id=\"ae0a7a8\" data-element_type=\"column\">\n\t\t\t<div class=\"elementor-widget-wrap elementor-element-populated\">\n\t\t\t\t\t\t<div class=\"elementor-element elementor-element-0502f8f elementor-view-default elementor-widget elementor-widget-icon\" data-id=\"0502f8f\" data-element_type=\"widget\" data-widget_type=\"icon.default\">\n\t\t\t\t<div class=\"elementor-widget-container\">\n\t\t\t\t\t\t\t<div class=\"elementor-icon-wrapper\">\n\t\t\t<div class=\"elementor-icon\">\n\t\t\t<i aria-hidden=\"true\" class=\"far fa-address-card\"><\/i>\t\t\t<\/div>\n\t\t<\/div>\n\t\t\t\t\t\t<\/div>\n\t\t\t\t<\/div>\n\t\t\t\t<div class=\"elementor-element elementor-element-11b1267 elementor-widget elementor-widget-text-editor\" data-id=\"11b1267\" data-element_type=\"widget\" data-widget_type=\"text-editor.default\">\n\t\t\t\t<div class=\"elementor-widget-container\">\n\t\t\t\t\t\t\t\t\t<p><span style=\"font-weight: bold; color: #ffffff; font-family: 'Open Sans Hebrew', sans-serif; font-size: 20px; font-style: normal;\">BEW\u00c4HRTE PRAKTIKEN ZU IDENTIFIZIEREN UND ZU DOKUMENTIEREN, UM ERFOLGREICHE \u00dcBERG\u00c4NGE F\u00dcR ALLE ZU UNTERST\u00dcTZEN<\/span><\/p>\t\t\t\t\t\t\t\t<\/div>\n\t\t\t\t<\/div>\n\t\t\t\t\t<\/div>\n\t\t<\/div>\n\t\t\t\t\t<\/div>\n\t\t<\/section>\n\t\t\t\t<div class=\"elementor-element elementor-element-af28a74 elementor-align-center elementor-widget elementor-widget-button\" data-id=\"af28a74\" data-element_type=\"widget\" data-widget_type=\"button.default\">\n\t\t\t\t<div class=\"elementor-widget-container\">\n\t\t\t\t\t\t\t\t\t<div class=\"elementor-button-wrapper\">\n\t\t\t\t\t<a class=\"elementor-button elementor-button-link elementor-size-lg\" href=\"https:\/\/eutrainsproject.eu\/de\/about-trains\/\">\n\t\t\t\t\t\t<span class=\"elementor-button-content-wrapper\">\n\t\t\t\t\t\t\t\t\t<span class=\"elementor-button-text\">Mehr Informationen<\/span>\n\t\t\t\t\t<\/span>\n\t\t\t\t\t<\/a>\n\t\t\t\t<\/div>\n\t\t\t\t\t\t\t\t<\/div>\n\t\t\t\t<\/div>\n\t\t\t\t\t<\/div>\n\t\t<\/div>\n\t\t\t\t\t<\/div>\n\t\t<\/section>\n\t\t\t\t<section class=\"elementor-section elementor-top-section elementor-element elementor-element-4f1c985 elementor-section-boxed elementor-section-height-default elementor-section-height-default\" data-id=\"4f1c985\" data-element_type=\"section\">\n\t\t\t\t\t\t<div class=\"elementor-container elementor-column-gap-default\">\n\t\t\t\t\t<div class=\"elementor-column elementor-col-100 elementor-top-column elementor-element elementor-element-3a40784\" data-id=\"3a40784\" data-element_type=\"column\">\n\t\t\t<div class=\"elementor-widget-wrap elementor-element-populated\">\n\t\t\t\t\t\t<div class=\"elementor-element elementor-element-4bf459e elementor-widget elementor-widget-spacer\" data-id=\"4bf459e\" data-element_type=\"widget\" data-widget_type=\"spacer.default\">\n\t\t\t\t<div class=\"elementor-widget-container\">\n\t\t\t\t\t\t\t<div class=\"elementor-spacer\">\n\t\t\t<div class=\"elementor-spacer-inner\"><\/div>\n\t\t<\/div>\n\t\t\t\t\t\t<\/div>\n\t\t\t\t<\/div>\n\t\t\t\t<section class=\"elementor-section elementor-inner-section elementor-element elementor-element-6d7037a elementor-section-boxed elementor-section-height-default elementor-section-height-default\" data-id=\"6d7037a\" data-element_type=\"section\">\n\t\t\t\t\t\t<div class=\"elementor-container elementor-column-gap-default\">\n\t\t\t\t\t<div class=\"elementor-column elementor-col-50 elementor-inner-column elementor-element elementor-element-ea36542\" data-id=\"ea36542\" data-element_type=\"column\">\n\t\t\t<div class=\"elementor-widget-wrap elementor-element-populated\">\n\t\t\t\t\t\t<div class=\"elementor-element elementor-element-51872c7 elementor-widget elementor-widget-image\" data-id=\"51872c7\" data-element_type=\"widget\" data-widget_type=\"image.default\">\n\t\t\t\t<div class=\"elementor-widget-container\">\n\t\t\t\t\t\t\t\t\t\t\t\t\t\t\t<img decoding=\"async\" width=\"300\" height=\"86\" src=\"https:\/\/eutrainsproject.eu\/wp-content\/uploads\/2020\/03\/Erasmus-300x86-1.png\" class=\"attachment-large size-large wp-image-190\" alt=\"\" \/>\t\t\t\t\t\t\t\t\t\t\t\t\t\t\t<\/div>\n\t\t\t\t<\/div>\n\t\t\t\t\t<\/div>\n\t\t<\/div>\n\t\t\t\t<div class=\"elementor-column elementor-col-50 elementor-inner-column elementor-element elementor-element-1981033\" data-id=\"1981033\" data-element_type=\"column\">\n\t\t\t<div class=\"elementor-widget-wrap elementor-element-populated\">\n\t\t\t\t\t\t<div class=\"elementor-element elementor-element-116ad0f elementor-widget elementor-widget-image\" data-id=\"116ad0f\" data-element_type=\"widget\" data-widget_type=\"image.default\">\n\t\t\t\t<div class=\"elementor-widget-container\">\n\t\t\t\t\t\t\t\t\t\t\t\t\t\t\t<img fetchpriority=\"high\" decoding=\"async\" width=\"483\" height=\"104\" src=\"https:\/\/eutrainsproject.eu\/wp-content\/uploads\/2020\/06\/Funded-by-Erasmus.png\" class=\"attachment-large size-large wp-image-328\" alt=\"\" srcset=\"https:\/\/eutrainsproject.eu\/wp-content\/uploads\/2020\/06\/Funded-by-Erasmus.png 483w, https:\/\/eutrainsproject.eu\/wp-content\/uploads\/2020\/06\/Funded-by-Erasmus-300x65.png 300w\" sizes=\"(max-width: 483px) 100vw, 483px\" \/>\t\t\t\t\t\t\t\t\t\t\t\t\t\t\t<\/div>\n\t\t\t\t<\/div>\n\t\t\t\t\t<\/div>\n\t\t<\/div>\n\t\t\t\t\t<\/div>\n\t\t<\/section>\n\t\t\t\t\t<\/div>\n\t\t<\/div>\n\t\t\t\t\t<\/div>\n\t\t<\/section>\n\t\t\t\t<section class=\"elementor-section elementor-top-section elementor-element elementor-element-e9bb503 elementor-section-boxed elementor-section-height-default elementor-section-height-default\" data-id=\"e9bb503\" data-element_type=\"section\">\n\t\t\t\t\t\t<div class=\"elementor-container elementor-column-gap-default\">\n\t\t\t\t\t<div class=\"elementor-column elementor-col-100 elementor-top-column elementor-element elementor-element-551f574\" data-id=\"551f574\" data-element_type=\"column\">\n\t\t\t<div class=\"elementor-widget-wrap elementor-element-populated\">\n\t\t\t\t\t\t<div class=\"elementor-element elementor-element-397dbf0 elementor-widget elementor-widget-text-editor\" data-id=\"397dbf0\" data-element_type=\"widget\" data-widget_type=\"text-editor.default\">\n\t\t\t\t<div class=\"elementor-widget-container\">\n\t\t\t\t\t\t\t\t\t<p><span style=\"color: #222222; font-family: 'Noto Sans', sans-serif; font-size: 16px; font-style: normal; font-weight: 400; text-align: center;\">Dieses Projekt wurde mit Unterst\u00fctzung der Europ\u00e4ischen Kommission im Rahmen des Programms Erasmus+ finanziert. Die Verantwortung f\u00fcr den Inhalt dieser Ver\u00f6ffentlichung [Mitteilung] tr\u00e4gt allein der Verfasser; die Kommission haftet nicht f\u00fcr die weitere Verwendung der darin enthaltenen Angaben.<\/span><\/p>\t\t\t\t\t\t\t\t<\/div>\n\t\t\t\t<\/div>\n\t\t\t\t\t<\/div>\n\t\t<\/div>\n\t\t\t\t\t<\/div>\n\t\t<\/section>\n\t\t\t\t<\/div>","protected":false},"excerpt":{"rendered":"<p>TRAINS \u00dcberg\u00e4nge f\u00fcr alle in die Schule WAS IST DAS TRAINS-PROJEKT? TRAINS steht f\u00fcr Transitions for All Into School (\u00dcberg\u00e4nge f\u00fcr alle in die Schule) und wird vollst\u00e4ndig vom Erasmus+-Programm der Europ\u00e4ischen Union finanziert. Das Projekt wird von einem Team aus Forschern, Praktikern und P\u00e4dagogen aus verschiedenen Einrichtungen in ganz Europa durchgef\u00fchrt. Die Leeds Beckett University (Vereinigtes K\u00f6nigreich) leitet dieses ...<\/p>\n<p class=\"read-more\"> <a class=\"\" href=\"https:\/\/eutrainsproject.eu\/de\/\"> <span class=\"screen-reader-text\">Startseite<\/span> Weiterlesen \"<\/a><\/p>","protected":false},"author":1,"featured_media":0,"parent":0,"menu_order":0,"comment_status":"closed","ping_status":"closed","template":"","meta":{"footnotes":""},"class_list":["post-95","page","type-page","status-publish","hentry"],"_links":{"self":[{"href":"https:\/\/eutrainsproject.eu\/de\/wp-json\/wp\/v2\/pages\/95","targetHints":{"allow":["GET"]}}],"collection":[{"href":"https:\/\/eutrainsproject.eu\/de\/wp-json\/wp\/v2\/pages"}],"about":[{"href":"https:\/\/eutrainsproject.eu\/de\/wp-json\/wp\/v2\/types\/page"}],"author":[{"embeddable":true,"href":"https:\/\/eutrainsproject.eu\/de\/wp-json\/wp\/v2\/users\/1"}],"replies":[{"embeddable":true,"href":"https:\/\/eutrainsproject.eu\/de\/wp-json\/wp\/v2\/comments?post=95"}],"version-history":[{"count":5,"href":"https:\/\/eutrainsproject.eu\/de\/wp-json\/wp\/v2\/pages\/95\/revisions"}],"predecessor-version":[{"id":559,"href":"https:\/\/eutrainsproject.eu\/de\/wp-json\/wp\/v2\/pages\/95\/revisions\/559"}],"wp:attachment":[{"href":"https:\/\/eutrainsproject.eu\/de\/wp-json\/wp\/v2\/media?parent=95"}],"curies":[{"name":"wp","href":"https:\/\/api.w.org\/{rel}","templated":true}]}}