{"id":245,"date":"2020-04-16T13:08:33","date_gmt":"2020-04-16T13:08:33","guid":{"rendered":"https:\/\/trainsresearch.eu\/?page_id=245"},"modified":"2021-07-05T06:10:19","modified_gmt":"2021-07-05T06:10:19","slug":"the-team","status":"publish","type":"page","link":"https:\/\/eutrainsproject.eu\/de\/the-team\/","title":{"rendered":"Die Mannschaft"},"content":{"rendered":"<div data-elementor-type=\"wp-page\" data-elementor-id=\"245\" class=\"elementor elementor-245\">\n\t\t\t\t\t\t<section class=\"elementor-section elementor-top-section elementor-element elementor-element-95f1f73 elementor-section-boxed elementor-section-height-default elementor-section-height-default\" data-id=\"95f1f73\" data-element_type=\"section\" data-settings=\"{&quot;background_background&quot;:&quot;classic&quot;}\">\n\t\t\t\t\t\t\t<div class=\"elementor-background-overlay\"><\/div>\n\t\t\t\t\t\t\t<div class=\"elementor-container elementor-column-gap-default\">\n\t\t\t\t\t<div class=\"elementor-column elementor-col-100 elementor-top-column elementor-element elementor-element-9f3b277\" data-id=\"9f3b277\" data-element_type=\"column\">\n\t\t\t<div class=\"elementor-widget-wrap elementor-element-populated\">\n\t\t\t\t\t\t<div class=\"elementor-element elementor-element-35dca86 elementor-widget elementor-widget-spacer\" data-id=\"35dca86\" data-element_type=\"widget\" data-widget_type=\"spacer.default\">\n\t\t\t\t<div class=\"elementor-widget-container\">\n\t\t\t\t\t\t\t<div class=\"elementor-spacer\">\n\t\t\t<div class=\"elementor-spacer-inner\"><\/div>\n\t\t<\/div>\n\t\t\t\t\t\t<\/div>\n\t\t\t\t<\/div>\n\t\t\t\t<div class=\"elementor-element elementor-element-9e6b5f2 elementor-widget elementor-widget-heading\" data-id=\"9e6b5f2\" data-element_type=\"widget\" data-widget_type=\"heading.default\">\n\t\t\t\t<div class=\"elementor-widget-container\">\n\t\t\t\t\t<h1 class=\"elementor-heading-title elementor-size-default\">SCHULT DAS PROJEKTTEAM<\/h1>\t\t\t\t<\/div>\n\t\t\t\t<\/div>\n\t\t\t\t<div class=\"elementor-element elementor-element-f4ab88b elementor-widget elementor-widget-spacer\" data-id=\"f4ab88b\" data-element_type=\"widget\" data-widget_type=\"spacer.default\">\n\t\t\t\t<div class=\"elementor-widget-container\">\n\t\t\t\t\t\t\t<div class=\"elementor-spacer\">\n\t\t\t<div class=\"elementor-spacer-inner\"><\/div>\n\t\t<\/div>\n\t\t\t\t\t\t<\/div>\n\t\t\t\t<\/div>\n\t\t\t\t\t<\/div>\n\t\t<\/div>\n\t\t\t\t\t<\/div>\n\t\t<\/section>\n\t\t\t\t<section class=\"elementor-section elementor-top-section elementor-element elementor-element-1fcbdfb elementor-section-boxed elementor-section-height-default elementor-section-height-default\" data-id=\"1fcbdfb\" data-element_type=\"section\">\n\t\t\t\t\t\t<div class=\"elementor-container elementor-column-gap-default\">\n\t\t\t\t\t<div class=\"elementor-column elementor-col-100 elementor-top-column elementor-element elementor-element-3cb541a\" data-id=\"3cb541a\" data-element_type=\"column\">\n\t\t\t<div class=\"elementor-widget-wrap elementor-element-populated\">\n\t\t\t\t\t\t<div class=\"elementor-element elementor-element-c41ab3c elementor-widget elementor-widget-spacer\" data-id=\"c41ab3c\" data-element_type=\"widget\" data-widget_type=\"spacer.default\">\n\t\t\t\t<div class=\"elementor-widget-container\">\n\t\t\t\t\t\t\t<div class=\"elementor-spacer\">\n\t\t\t<div class=\"elementor-spacer-inner\"><\/div>\n\t\t<\/div>\n\t\t\t\t\t\t<\/div>\n\t\t\t\t<\/div>\n\t\t\t\t<section class=\"elementor-section elementor-inner-section elementor-element elementor-element-a289c57 elementor-section-boxed elementor-section-height-default elementor-section-height-default\" data-id=\"a289c57\" data-element_type=\"section\">\n\t\t\t\t\t\t<div class=\"elementor-container elementor-column-gap-default\">\n\t\t\t\t\t<div class=\"elementor-column elementor-col-50 elementor-inner-column elementor-element elementor-element-4500b3e\" data-id=\"4500b3e\" data-element_type=\"column\">\n\t\t\t<div class=\"elementor-widget-wrap elementor-element-populated\">\n\t\t\t\t\t\t<div class=\"elementor-element elementor-element-eef8135 elementor-widget elementor-widget-spacer\" data-id=\"eef8135\" data-element_type=\"widget\" data-widget_type=\"spacer.default\">\n\t\t\t\t<div class=\"elementor-widget-container\">\n\t\t\t\t\t\t\t<div class=\"elementor-spacer\">\n\t\t\t<div class=\"elementor-spacer-inner\"><\/div>\n\t\t<\/div>\n\t\t\t\t\t\t<\/div>\n\t\t\t\t<\/div>\n\t\t\t\t<div class=\"elementor-element elementor-element-203ae5d elementor-widget elementor-widget-image\" data-id=\"203ae5d\" data-element_type=\"widget\" data-widget_type=\"image.default\">\n\t\t\t\t<div class=\"elementor-widget-container\">\n\t\t\t\t\t\t\t\t\t\t\t\t\t\t\t<img fetchpriority=\"high\" decoding=\"async\" width=\"1024\" height=\"542\" src=\"https:\/\/eutrainsproject.eu\/wp-content\/uploads\/2020\/04\/leeds-1024x542.png\" class=\"attachment-large size-large wp-image-290\" alt=\"\" srcset=\"https:\/\/eutrainsproject.eu\/wp-content\/uploads\/2020\/04\/leeds-1024x542.png 1024w, https:\/\/eutrainsproject.eu\/wp-content\/uploads\/2020\/04\/leeds-300x159.png 300w, https:\/\/eutrainsproject.eu\/wp-content\/uploads\/2020\/04\/leeds-768x407.png 768w, https:\/\/eutrainsproject.eu\/wp-content\/uploads\/2020\/04\/leeds.png 1078w\" sizes=\"(max-width: 1024px) 100vw, 1024px\" \/>\t\t\t\t\t\t\t\t\t\t\t\t\t\t\t<\/div>\n\t\t\t\t<\/div>\n\t\t\t\t\t<\/div>\n\t\t<\/div>\n\t\t\t\t<div class=\"elementor-column elementor-col-50 elementor-inner-column elementor-element elementor-element-6dcc2b1\" data-id=\"6dcc2b1\" data-element_type=\"column\">\n\t\t\t<div class=\"elementor-widget-wrap elementor-element-populated\">\n\t\t\t\t\t\t<div class=\"elementor-element elementor-element-c3ba108 elementor-widget elementor-widget-heading\" data-id=\"c3ba108\" data-element_type=\"widget\" data-widget_type=\"heading.default\">\n\t\t\t\t<div class=\"elementor-widget-container\">\n\t\t\t\t\t<h2 class=\"elementor-heading-title elementor-size-default\">Universit\u00e4t Leeds Beckett<\/h2>\t\t\t\t<\/div>\n\t\t\t\t<\/div>\n\t\t\t\t<div class=\"elementor-element elementor-element-b3f7093 elementor-widget elementor-widget-text-editor\" data-id=\"b3f7093\" data-element_type=\"widget\" data-widget_type=\"text-editor.default\">\n\t\t\t\t<div class=\"elementor-widget-container\">\n\t\t\t\t\t\t\t\t\t<p class=\"MsoNormal\" style=\"margin-bottom: .0001pt; mso-layout-grid-align: none; text-autospace: none;\"><span style=\"font-size: 12.0pt; line-height: 115%; mso-bidi-font-family: Calibri; mso-bidi-theme-font: minor-latin; mso-bidi-language: HE;\">Die Leeds Beckett University (LBU) ist eine Hochschuleinrichtung, die einem breiten Spektrum von Lernenden Zugang zu Bildung bietet und durch ihren Lehrplan kulturelles Bewusstsein und Vielfalt f\u00f6rdert. Die Universit\u00e4t befindet sich auf zwei Hauptcampussen, einem im Stadtzentrum von Leeds und einem in Headingley, Leeds, und bietet eine Reihe von Grund- und Aufbaustudieng\u00e4ngen an dreizehn Schulen an. Leeds Beckett hat fast 30.000 Studenten, 3.000 Mitarbeiter und 300.000 assoziierte Studenten durch unser Netzwerk von 24 Partnerhochschulen. Die LBU bietet einer Gruppe von Studierenden aus dem Vereinigten K\u00f6nigreich, Europa und vielen anderen L\u00e4ndern weltweit eine breite Palette von \u00fcberwiegend berufsorientierten Hochschulprogrammen an.<\/span><\/p><p class=\"MsoNormal\" style=\"margin-bottom: .0001pt; mso-layout-grid-align: none; text-autospace: none;\"><span style=\"font-size: 12.0pt; line-height: 115%; mso-bidi-font-family: Calibri; mso-bidi-theme-font: minor-latin; mso-bidi-language: HE;\">\u00a0<\/span><\/p><p class=\"MsoNormal\" style=\"margin-bottom: .0001pt; mso-layout-grid-align: none; text-autospace: none;\"><span style=\"font-size: 12.0pt; line-height: 115%; mso-bidi-font-family: Calibri; mso-bidi-theme-font: minor-latin; mso-bidi-language: HE;\">Die Carnegie School of Education an der Universit\u00e4t Leeds Beckett strebt mit all ihren Aktivit\u00e4ten danach, die Ausbildung und berufliche Entwicklung der Arbeitskr\u00e4fte von Kindern und Jugendlichen neu zu definieren. Sie bietet unverwechselbare und kreative Programme an, die auf die in der Gesellschaft stattfindenden Ver\u00e4nderungen reagieren und sich auf die vielf\u00e4ltigen F\u00e4higkeiten konzentrieren, die von modernen Fachkr\u00e4ften verlangt werden. Sie wurden als einer der f\u00fchrenden Lehrerausbildungsanbieter in England identifiziert; eine von nur 25 Universit\u00e4ten in England, deren urspr\u00fcngliche Zuweisungen f\u00fcr die Lehrerausbildung f\u00fcr die n\u00e4chsten drei Jahre best\u00e4tigt wurden, eine Anerkennung des Bildungsministeriums des Vereinigten K\u00f6nigreichs f\u00fcr die ausgezeichnete<\/span><\/p><p>\u00a0<\/p><p class=\"MsoNormal\" style=\"margin-bottom: .0001pt; mso-layout-grid-align: none; text-autospace: none;\"><span style=\"font-size: 12.0pt; line-height: 115%; mso-bidi-font-family: Calibri; mso-bidi-theme-font: minor-latin; mso-bidi-language: HE;\">Bereitstellung innerhalb der Schule. Die Carnegie School of Education bietet P\u00e4dagogen aus dem Primar-, Sekundar- und Terti\u00e4rbereich sowohl auf dem Campus als auch online eine Reihe von hochgesch\u00e4tzten Postgraduiertenm\u00f6glichkeiten. Ihr Programm der kontinuierlichen beruflichen Weiterbildung wird derzeit erheblich weiterentwickelt und wird sich auf ihre urspr\u00fcngliche Forschung st\u00fctzen, um Entwicklungsprogramme anzubieten, die in der Bildungspraxis f\u00fchrend sind.<\/span><\/p>\t\t\t\t\t\t\t\t<\/div>\n\t\t\t\t<\/div>\n\t\t\t\t\t<\/div>\n\t\t<\/div>\n\t\t\t\t\t<\/div>\n\t\t<\/section>\n\t\t\t\t\t<\/div>\n\t\t<\/div>\n\t\t\t\t\t<\/div>\n\t\t<\/section>\n\t\t\t\t<section class=\"elementor-section elementor-top-section elementor-element elementor-element-77df965 elementor-section-boxed elementor-section-height-default elementor-section-height-default\" data-id=\"77df965\" data-element_type=\"section\">\n\t\t\t\t\t\t<div class=\"elementor-container elementor-column-gap-default\">\n\t\t\t\t\t<div class=\"elementor-column elementor-col-100 elementor-top-column elementor-element elementor-element-5e4b1b4\" data-id=\"5e4b1b4\" data-element_type=\"column\">\n\t\t\t<div class=\"elementor-widget-wrap elementor-element-populated\">\n\t\t\t\t\t\t<div class=\"elementor-element elementor-element-86a4215 elementor-widget elementor-widget-spacer\" data-id=\"86a4215\" data-element_type=\"widget\" data-widget_type=\"spacer.default\">\n\t\t\t\t<div class=\"elementor-widget-container\">\n\t\t\t\t\t\t\t<div class=\"elementor-spacer\">\n\t\t\t<div class=\"elementor-spacer-inner\"><\/div>\n\t\t<\/div>\n\t\t\t\t\t\t<\/div>\n\t\t\t\t<\/div>\n\t\t\t\t\t<\/div>\n\t\t<\/div>\n\t\t\t\t\t<\/div>\n\t\t<\/section>\n\t\t\t\t<section class=\"elementor-section elementor-top-section elementor-element elementor-element-ceb13b8 elementor-section-boxed elementor-section-height-default elementor-section-height-default\" data-id=\"ceb13b8\" data-element_type=\"section\">\n\t\t\t\t\t\t<div class=\"elementor-container elementor-column-gap-default\">\n\t\t\t\t\t<div class=\"elementor-column elementor-col-50 elementor-top-column elementor-element elementor-element-e7a9c59\" data-id=\"e7a9c59\" data-element_type=\"column\">\n\t\t\t<div class=\"elementor-widget-wrap elementor-element-populated\">\n\t\t\t\t\t\t<div class=\"elementor-element elementor-element-57f675d elementor-widget elementor-widget-heading\" data-id=\"57f675d\" data-element_type=\"widget\" data-widget_type=\"heading.default\">\n\t\t\t\t<div class=\"elementor-widget-container\">\n\t\t\t\t\t<h2 class=\"elementor-heading-title elementor-size-default\">Nationale Vereinigung von Fachleuten, die mit behinderten Menschen arbeiten<\/h2>\t\t\t\t<\/div>\n\t\t\t\t<\/div>\n\t\t\t\t<div class=\"elementor-element elementor-element-7bfedd1 elementor-widget elementor-widget-text-editor\" data-id=\"7bfedd1\" data-element_type=\"widget\" data-widget_type=\"text-editor.default\">\n\t\t\t\t<div class=\"elementor-widget-container\">\n\t\t\t\t\t\t\t\t\t<p>NARHU ist eine gemeinn\u00fctzige Nichtregierungsorganisation im \u00f6ffentlichen Dienst, die sich aus einem nationalen Vertretungsorgan aller Fachleute zusammensetzt, die mit Menschen mit Behinderungen im Hinblick auf ihre Ausbildung, Besch\u00e4ftigung und soziale Eingliederung arbeiten. Ihre Hauptaktivit\u00e4ten richten sich an Menschen mit verschiedenen Arten und Stadien von Behinderungen (PwDs), haupts\u00e4chlich in den Bereichen ihrer Besch\u00e4ftigung, beruflichen Orientierung, Beratung und Ausbildung. Das Team von NARHU besteht aus bekannten Experten in Bulgarien, die auf dem Gebiet der inklusiven Bildung, psychologischen Unterst\u00fctzung, Bildungsmethodik, Sozialarbeit und anderen Bereichen der Sozialhilfe t\u00e4tig sind.<\/p>\t\t\t\t\t\t\t\t<\/div>\n\t\t\t\t<\/div>\n\t\t\t\t\t<\/div>\n\t\t<\/div>\n\t\t\t\t<div class=\"elementor-column elementor-col-50 elementor-top-column elementor-element elementor-element-2ca5900\" data-id=\"2ca5900\" data-element_type=\"column\">\n\t\t\t<div class=\"elementor-widget-wrap elementor-element-populated\">\n\t\t\t\t\t\t<div class=\"elementor-element elementor-element-4035b2d elementor-widget elementor-widget-spacer\" data-id=\"4035b2d\" data-element_type=\"widget\" data-widget_type=\"spacer.default\">\n\t\t\t\t<div class=\"elementor-widget-container\">\n\t\t\t\t\t\t\t<div class=\"elementor-spacer\">\n\t\t\t<div class=\"elementor-spacer-inner\"><\/div>\n\t\t<\/div>\n\t\t\t\t\t\t<\/div>\n\t\t\t\t<\/div>\n\t\t\t\t<div class=\"elementor-element elementor-element-28db8dc elementor-widget elementor-widget-image\" data-id=\"28db8dc\" data-element_type=\"widget\" data-widget_type=\"image.default\">\n\t\t\t\t<div class=\"elementor-widget-container\">\n\t\t\t\t\t\t\t\t\t\t\t\t\t\t\t<img decoding=\"async\" width=\"300\" height=\"81\" src=\"https:\/\/eutrainsproject.eu\/wp-content\/uploads\/2020\/04\/narhu.jpg\" class=\"attachment-large size-large wp-image-292\" alt=\"\" \/>\t\t\t\t\t\t\t\t\t\t\t\t\t\t\t<\/div>\n\t\t\t\t<\/div>\n\t\t\t\t\t<\/div>\n\t\t<\/div>\n\t\t\t\t\t<\/div>\n\t\t<\/section>\n\t\t\t\t<section class=\"elementor-section elementor-top-section elementor-element elementor-element-f55fb39 elementor-section-boxed elementor-section-height-default elementor-section-height-default\" data-id=\"f55fb39\" data-element_type=\"section\">\n\t\t\t\t\t\t<div class=\"elementor-container elementor-column-gap-default\">\n\t\t\t\t\t<div class=\"elementor-column elementor-col-100 elementor-top-column elementor-element elementor-element-1d45935\" data-id=\"1d45935\" data-element_type=\"column\">\n\t\t\t<div class=\"elementor-widget-wrap elementor-element-populated\">\n\t\t\t\t\t\t<div class=\"elementor-element elementor-element-c3101e5 elementor-widget elementor-widget-spacer\" data-id=\"c3101e5\" data-element_type=\"widget\" data-widget_type=\"spacer.default\">\n\t\t\t\t<div class=\"elementor-widget-container\">\n\t\t\t\t\t\t\t<div class=\"elementor-spacer\">\n\t\t\t<div class=\"elementor-spacer-inner\"><\/div>\n\t\t<\/div>\n\t\t\t\t\t\t<\/div>\n\t\t\t\t<\/div>\n\t\t\t\t\t<\/div>\n\t\t<\/div>\n\t\t\t\t\t<\/div>\n\t\t<\/section>\n\t\t\t\t<section class=\"elementor-section elementor-top-section elementor-element elementor-element-bcfde4c elementor-section-boxed elementor-section-height-default elementor-section-height-default\" data-id=\"bcfde4c\" data-element_type=\"section\">\n\t\t\t\t\t\t<div class=\"elementor-container elementor-column-gap-default\">\n\t\t\t\t\t<div class=\"elementor-column elementor-col-50 elementor-top-column elementor-element elementor-element-e1c7273\" data-id=\"e1c7273\" data-element_type=\"column\">\n\t\t\t<div class=\"elementor-widget-wrap elementor-element-populated\">\n\t\t\t\t\t\t<div class=\"elementor-element elementor-element-e4a34f7 elementor-widget elementor-widget-spacer\" data-id=\"e4a34f7\" data-element_type=\"widget\" data-widget_type=\"spacer.default\">\n\t\t\t\t<div class=\"elementor-widget-container\">\n\t\t\t\t\t\t\t<div class=\"elementor-spacer\">\n\t\t\t<div class=\"elementor-spacer-inner\"><\/div>\n\t\t<\/div>\n\t\t\t\t\t\t<\/div>\n\t\t\t\t<\/div>\n\t\t\t\t<div class=\"elementor-element elementor-element-c91fa0f elementor-widget elementor-widget-image\" data-id=\"c91fa0f\" data-element_type=\"widget\" data-widget_type=\"image.default\">\n\t\t\t\t<div class=\"elementor-widget-container\">\n\t\t\t\t\t\t\t\t\t\t\t\t\t\t\t<img decoding=\"async\" width=\"800\" height=\"125\" src=\"https:\/\/eutrainsproject.eu\/wp-content\/uploads\/2020\/04\/Berlin.jpg\" class=\"attachment-large size-large wp-image-293\" alt=\"\" srcset=\"https:\/\/eutrainsproject.eu\/wp-content\/uploads\/2020\/04\/Berlin.jpg 800w, https:\/\/eutrainsproject.eu\/wp-content\/uploads\/2020\/04\/Berlin-300x47.jpg 300w, https:\/\/eutrainsproject.eu\/wp-content\/uploads\/2020\/04\/Berlin-768x120.jpg 768w\" sizes=\"(max-width: 800px) 100vw, 800px\" \/>\t\t\t\t\t\t\t\t\t\t\t\t\t\t\t<\/div>\n\t\t\t\t<\/div>\n\t\t\t\t\t<\/div>\n\t\t<\/div>\n\t\t\t\t<div class=\"elementor-column elementor-col-50 elementor-top-column elementor-element elementor-element-575a7a1\" data-id=\"575a7a1\" data-element_type=\"column\">\n\t\t\t<div class=\"elementor-widget-wrap elementor-element-populated\">\n\t\t\t\t\t\t<div class=\"elementor-element elementor-element-0f86061 elementor-widget elementor-widget-heading\" data-id=\"0f86061\" data-element_type=\"widget\" data-widget_type=\"heading.default\">\n\t\t\t\t<div class=\"elementor-widget-container\">\n\t\t\t\t\t<h2 class=\"elementor-heading-title elementor-size-default\">Senatsverwaltung f\u00fcr Bildung, Jugend und Familie, Berlin, Deutschland<\/h2>\t\t\t\t<\/div>\n\t\t\t\t<\/div>\n\t\t\t\t<div class=\"elementor-element elementor-element-52d2051 elementor-widget elementor-widget-text-editor\" data-id=\"52d2051\" data-element_type=\"widget\" data-widget_type=\"text-editor.default\">\n\t\t\t\t<div class=\"elementor-widget-container\">\n\t\t\t\t\t\t\t\t\t<p class=\"MsoNormal\" style=\"margin-bottom: .0001pt; line-height: normal; mso-layout-grid-align: none; text-autospace: none;\"><span style=\"font-size: 12.0pt; mso-bidi-font-family: Calibri; mso-bidi-theme-font: minor-latin;\">Die Berliner Senatsverwaltung f\u00fcr Bildung, Jugend und Familie ist eine von zehn Fachverwaltungen des Berliner Senats im Rang eines Staatsministeriums und als solche Teil der Landesregierung und zust\u00e4ndige oberste Landesbeh\u00f6rde f\u00fcr Bildungs-, Schul-, Jugend- und Familienpolitik in der deutschen Hauptstadt. <\/span><span style=\"font-size: 12.0pt; mso-bidi-font-family: Calibri; mso-bidi-theme-font: minor-latin; mso-bidi-language: HE;\">Die <\/span><span style=\"font-size: 12.0pt; mso-bidi-font-family: Calibri; mso-bidi-theme-font: minor-latin;\">Abteilung <\/span><span style=\"font-size: 12.0pt; mso-bidi-font-family: Calibri; mso-bidi-theme-font: minor-latin; mso-bidi-language: HE;\">ist zust\u00e4ndig f\u00fcr das allgemeine Bildungssystem und alle Berufsschulen in der Stadt Berlin und zus\u00e4tzlich f\u00fcr die Lehrerausbildung in der zweiten und dritten Phase des Bildungssystems.<\/span><\/p>\t\t\t\t\t\t\t\t<\/div>\n\t\t\t\t<\/div>\n\t\t\t\t\t<\/div>\n\t\t<\/div>\n\t\t\t\t\t<\/div>\n\t\t<\/section>\n\t\t\t\t<section class=\"elementor-section elementor-top-section elementor-element elementor-element-2cb0513 elementor-section-boxed elementor-section-height-default elementor-section-height-default\" data-id=\"2cb0513\" data-element_type=\"section\">\n\t\t\t\t\t\t<div class=\"elementor-container elementor-column-gap-default\">\n\t\t\t\t\t<div class=\"elementor-column elementor-col-100 elementor-top-column elementor-element elementor-element-2c1c43c\" data-id=\"2c1c43c\" data-element_type=\"column\">\n\t\t\t<div class=\"elementor-widget-wrap elementor-element-populated\">\n\t\t\t\t\t\t<div class=\"elementor-element elementor-element-97154b2 elementor-widget elementor-widget-spacer\" data-id=\"97154b2\" data-element_type=\"widget\" data-widget_type=\"spacer.default\">\n\t\t\t\t<div class=\"elementor-widget-container\">\n\t\t\t\t\t\t\t<div class=\"elementor-spacer\">\n\t\t\t<div class=\"elementor-spacer-inner\"><\/div>\n\t\t<\/div>\n\t\t\t\t\t\t<\/div>\n\t\t\t\t<\/div>\n\t\t\t\t\t<\/div>\n\t\t<\/div>\n\t\t\t\t\t<\/div>\n\t\t<\/section>\n\t\t\t\t<section class=\"elementor-section elementor-top-section elementor-element elementor-element-6b184da elementor-section-boxed elementor-section-height-default elementor-section-height-default\" data-id=\"6b184da\" data-element_type=\"section\">\n\t\t\t\t\t\t<div class=\"elementor-container elementor-column-gap-default\">\n\t\t\t\t\t<div class=\"elementor-column elementor-col-50 elementor-top-column elementor-element elementor-element-be21948\" data-id=\"be21948\" data-element_type=\"column\">\n\t\t\t<div class=\"elementor-widget-wrap elementor-element-populated\">\n\t\t\t\t\t\t<div class=\"elementor-element elementor-element-961e5c1 elementor-widget elementor-widget-heading\" data-id=\"961e5c1\" data-element_type=\"widget\" data-widget_type=\"heading.default\">\n\t\t\t\t<div class=\"elementor-widget-container\">\n\t\t\t\t\t<h2 class=\"elementor-heading-title elementor-size-default\">Das Institut f\u00fcr Kindererziehung und Psychologie, Europa<\/h2>\t\t\t\t<\/div>\n\t\t\t\t<\/div>\n\t\t\t\t<div class=\"elementor-element elementor-element-4215e33 elementor-widget elementor-widget-text-editor\" data-id=\"4215e33\" data-element_type=\"widget\" data-widget_type=\"text-editor.default\">\n\t\t\t\t<div class=\"elementor-widget-container\">\n\t\t\t\t\t\t\t\t\t<p><a style=\"color: #000; border-bottom: 1px solid #000;\" href=\"https:\/\/icepe.eu\">ICEP Europa<\/a> ist ein unabh\u00e4ngiges Ausbildungs- und Forschungsinstitut, das sich auf Online <a style=\"color: #000; border-bottom: 1px solid #000;\" href=\"https:\/\/icepe.eu\/cpd\/\">Kontinuierliche berufliche Entwicklung (CPD)<\/a> und <a style=\"color: #000; border-bottom: 1px solid #000;\" href=\"https:\/\/icepe.eu\/university\/\">Von der Universit\u00e4t anerkannte Programme<\/a> f\u00fcr P\u00e4dagogen, Jugendbetreuer, Psychologen und andere Berufsgruppen. <a style=\"color: #000; border-bottom: 1px solid #000;\" href=\"https:\/\/icepe.eu\/\">ICEP Europa<\/a> hat auch einen starken Hintergrund in der Forschung zu Fragen der p\u00e4dagogischen Inklusion und hat in Forschungsprojekten mit hochkar\u00e4tigen nationalen und internationalen Organisationen zusammengearbeitet.<\/p><p><a style=\"color: #000; border-bottom: 1px solid #000;\" href=\"https:\/\/icepe.eu\/\">ICEP Europa<\/a> verf\u00fcgt \u00fcber eine langj\u00e4hrige Erfahrung in der Aus- und Weiterbildung von P\u00e4dagogen und hat in den letzten 15 Jahren eigenst\u00e4ndige Fortbildungskurse f\u00fcr Lehrer durchgef\u00fchrt. Beide Unternehmensleiter sind seit vielen Jahren im Bereich des fr\u00fchen Schulabbruchs und der Jugendarbeit t\u00e4tig und verf\u00fcgen \u00fcber betr\u00e4chtliche internationale Erfahrung und Expertise in der Entwicklung von Trainingsprogrammen f\u00fcr P\u00e4dagogen und andere Fachleute. Sie sind auch aktiv an der laufenden Forschung in diesem Bereich beteiligt.<\/p>\t\t\t\t\t\t\t\t<\/div>\n\t\t\t\t<\/div>\n\t\t\t\t\t<\/div>\n\t\t<\/div>\n\t\t\t\t<div class=\"elementor-column elementor-col-50 elementor-top-column elementor-element elementor-element-cb08d03\" data-id=\"cb08d03\" data-element_type=\"column\">\n\t\t\t<div class=\"elementor-widget-wrap elementor-element-populated\">\n\t\t\t\t\t\t<div class=\"elementor-element elementor-element-b549f4c elementor-widget elementor-widget-spacer\" data-id=\"b549f4c\" data-element_type=\"widget\" data-widget_type=\"spacer.default\">\n\t\t\t\t<div class=\"elementor-widget-container\">\n\t\t\t\t\t\t\t<div class=\"elementor-spacer\">\n\t\t\t<div class=\"elementor-spacer-inner\"><\/div>\n\t\t<\/div>\n\t\t\t\t\t\t<\/div>\n\t\t\t\t<\/div>\n\t\t\t\t<div class=\"elementor-element elementor-element-6f152c3 elementor-widget elementor-widget-image\" data-id=\"6f152c3\" data-element_type=\"widget\" data-widget_type=\"image.default\">\n\t\t\t\t<div class=\"elementor-widget-container\">\n\t\t\t\t\t\t\t\t\t\t\t\t\t\t\t\t<a href=\"https:\/\/icepe.eu\/\">\n\t\t\t\t\t\t\t<img loading=\"lazy\" decoding=\"async\" width=\"615\" height=\"192\" src=\"https:\/\/eutrainsproject.eu\/wp-content\/uploads\/2020\/04\/icep.jpg\" class=\"attachment-large size-large wp-image-294\" alt=\"ICEP Europa - Online CPD-Kurse\" srcset=\"https:\/\/eutrainsproject.eu\/wp-content\/uploads\/2020\/04\/icep.jpg 615w, https:\/\/eutrainsproject.eu\/wp-content\/uploads\/2020\/04\/icep-300x94.jpg 300w\" sizes=\"(max-width: 615px) 100vw, 615px\" \/>\t\t\t\t\t\t\t\t<\/a>\n\t\t\t\t\t\t\t\t\t\t\t\t\t\t\t<\/div>\n\t\t\t\t<\/div>\n\t\t\t\t\t<\/div>\n\t\t<\/div>\n\t\t\t\t\t<\/div>\n\t\t<\/section>\n\t\t\t\t<\/div>","protected":false},"excerpt":{"rendered":"<p>TRAINS PROJECT TEAM Leeds Beckett University Die Leeds Beckett University (LBU) ist eine Hochschuleinrichtung, die einem breiten Spektrum von Lernenden Zugang zu Bildung bietet und durch ihren Lehrplan kulturelles Bewusstsein und Vielfalt f\u00f6rdert. Die Universit\u00e4t verf\u00fcgt \u00fcber zwei Hauptcampus, einen im Stadtzentrum von Leeds und einen in Headingley, Leeds, und bietet ein ...<\/p>\n<p class=\"read-more\"> <a class=\"\" href=\"https:\/\/eutrainsproject.eu\/de\/the-team\/\"> <span class=\"screen-reader-text\">Die Mannschaft<\/span> Weiterlesen \"<\/a><\/p>","protected":false},"author":1,"featured_media":0,"parent":0,"menu_order":0,"comment_status":"closed","ping_status":"closed","template":"","meta":{"footnotes":""},"class_list":["post-245","page","type-page","status-publish","hentry"],"_links":{"self":[{"href":"https:\/\/eutrainsproject.eu\/de\/wp-json\/wp\/v2\/pages\/245","targetHints":{"allow":["GET"]}}],"collection":[{"href":"https:\/\/eutrainsproject.eu\/de\/wp-json\/wp\/v2\/pages"}],"about":[{"href":"https:\/\/eutrainsproject.eu\/de\/wp-json\/wp\/v2\/types\/page"}],"author":[{"embeddable":true,"href":"https:\/\/eutrainsproject.eu\/de\/wp-json\/wp\/v2\/users\/1"}],"replies":[{"embeddable":true,"href":"https:\/\/eutrainsproject.eu\/de\/wp-json\/wp\/v2\/comments?post=245"}],"version-history":[{"count":5,"href":"https:\/\/eutrainsproject.eu\/de\/wp-json\/wp\/v2\/pages\/245\/revisions"}],"predecessor-version":[{"id":509,"href":"https:\/\/eutrainsproject.eu\/de\/wp-json\/wp\/v2\/pages\/245\/revisions\/509"}],"wp:attachment":[{"href":"https:\/\/eutrainsproject.eu\/de\/wp-json\/wp\/v2\/media?parent=245"}],"curies":[{"name":"wp","href":"https:\/\/api.w.org\/{rel}","templated":true}]}}